{"id":2158,"date":"2025-06-05T18:13:32","date_gmt":"2025-06-05T16:13:32","guid":{"rendered":"http:\/\/tilckets-parkguell.com\/?page_id=2158"},"modified":"2026-03-14T14:09:15","modified_gmt":"2026-03-14T13:09:15","slug":"terms-and-conditions","status":"publish","type":"page","link":"https:\/\/tilckets-parkguell.com\/de\/terms-and-conditions\/","title":{"rendered":"Terms and conditions"},"content":{"rendered":"<p style=\"text-align: center;\"><span style=\"color: #5c5c5c;\"><img loading=\"lazy\" decoding=\"async\" width=\"850\" height=\"474\" class=\"aligncenter size-full wp-image-2109\" src=\"http:\/\/tilckets-parkguell.com\/wp-content\/uploads\/2025\/06\/gabarit-photo-mentions.png\" alt=\"photo\" srcset=\"https:\/\/tilckets-parkguell.com\/wp-content\/uploads\/2025\/06\/gabarit-photo-mentions.png 850w, https:\/\/tilckets-parkguell.com\/wp-content\/uploads\/2025\/06\/gabarit-photo-mentions-250x139.png 250w, https:\/\/tilckets-parkguell.com\/wp-content\/uploads\/2025\/06\/gabarit-photo-mentions-700x390.png 700w, https:\/\/tilckets-parkguell.com\/wp-content\/uploads\/2025\/06\/gabarit-photo-mentions-768x428.png 768w, https:\/\/tilckets-parkguell.com\/wp-content\/uploads\/2025\/06\/gabarit-photo-mentions-120x67.png 120w\" sizes=\"auto, (max-width: 850px) 100vw, 850px\" \/><\/span><\/p>\n<h2><\/h2>\n<h3 style=\"text-align: center;\"><span style=\"color: #5c5c5c;\"><strong>\u2022<br \/>\n1. RECHTLICHER HINWEIS<br \/>\n<\/strong><\/span><\/h3>\n<p style=\"text-align: center;\"><span style=\"color: #5c5c5c;\">Die Website https:\/\/tilckets-parkguell.com ist eine tilckets-Werbeseite f\u00fcr den Kartenverkauf, die mit Tiqets verbunden ist, <\/span><span style=\"color: #5c5c5c;\">einem der Anbieter von Online-Ticketing-Dienstleistungen f\u00fcr die Park G\u00fcell. tilckets erm\u00f6glicht Ihnen \u00fcber diese Website, Ihre Online-Buchung mit zahlreichen Besuchsoptionen \u00fcber die sichere Plattform von Tiqets durchzuf\u00fchren. Wir weisen darauf hin, dass die Website von tilckets nicht die offizielle Website ist, sondern eine mit Tiqets verbundene Marke.<\/span><\/p>\n<p style=\"text-align: center;\"><span style=\"color: #5c5c5c;\">Diese Website steht nicht in Verbindung mit der offiziellen Website der Park G\u00fcell.<\/span><\/p>\n<p style=\"text-align: center;\"><span style=\"color: #5c5c5c;\">Herr Perillat ist der Gesch\u00e4ftsf\u00fchrer des Unternehmens SOCREATIV&#8216;,<\/span><br \/>\n<span style=\"color: #5c5c5c;\">SOCREATIV&#8216;, das die Marke tilckets unter der Nummer 5017171 registriert hat.<\/span><br \/>\n<span style=\"color: #5c5c5c;\">SARL, die im Handelsregister von Bordeaux unter der Nr.788838316<\/span><br \/>\n<span style=\"color: #5c5c5c;\">eingetragen ist und ihren Sitz in Bord&#8220;eau Village H15 NOW | Quai des Chartrons | 33300 Bordeaux.<\/span><\/p>\n<p style=\"text-align: center;\"><span style=\"color: #5c5c5c;\">Bei Anfragen oder Anmerkungen kontaktieren Sie uns bitte per E-Mail an <a style=\"color: #5c5c5c;\" href=\"mailto:contact-us@tilckets.com\">contact-us@tilckets.com<\/a><\/span><\/p>\n<h3 style=\"text-align: center;\"><span style=\"color: #5c5c5c;\"><strong>2. PERS\u00d6NLICHE DATEN<\/strong><\/span><\/h3>\n<p style=\"text-align: center;\"><span style=\"color: #5c5c5c;\">Da der Verkauf \u00fcber Tiqets abgewickelt wird, werden auf dieser Website keine pers\u00f6nlichen Daten gesammelt.<\/span><\/p>\n<p style=\"text-align: center;\"><span style=\"color: #5c5c5c;\">HOSTING-ANBIETER: OVH<\/span><br \/>\n<span style=\"color: #5c5c5c;\">2 rue Kellermann &#8211; 59100 Roubaix &#8211; Frankreich.<\/span><br \/>\n<span style=\"color: #5c5c5c;\">Telefon: +33 (0)8 99 70 17 61 &#8211; Mail: support@ovh.com<\/span><\/p>\n<h3 style=\"text-align: center;\"><span style=\"color: #5c5c5c;\"><strong><br \/>\n3. COOKIE-RICHTLINIE<br \/>\n<\/strong><\/span><\/h3>\n<p style=\"text-align: center;\"><span style=\"color: #5c5c5c;\"><strong>1. Definition :<\/strong><\/span><br \/>\n<span style=\"color: #5c5c5c;\">&#8222;Cookies&#8220; sind Datendateien, die eine Website an Ihren Computer sendet, w\u00e4hrend Sie auf der Website angemeldet sind.<\/span><br \/>\n<span style=\"color: #5c5c5c;\">Diese Datendateien enthalten Informationen, die es der Website erm\u00f6glichen, sich an wichtige Informationen zu erinnern, die Ihnen eine effizientere Nutzung der Website erm\u00f6glichen.<\/span><br \/>\n<span style=\"color: #5c5c5c;\">Unsere Website verwendet Cookies f\u00fcr eine Vielzahl von Zwecken.<\/span><\/p>\n<p style=\"text-align: center;\"><span style=\"color: #5c5c5c;\"><strong>2. Verwendung :<\/strong><\/span><br \/>\n<span style=\"color: #5c5c5c;\">tilckets verwendet die Cookie-Technologie und IP-Adressen, um Informationen \u00fcber Online-Besucher zu erhalten und auch, um den abonnierten Besuchern die beste personalisierte Online-Erfahrung zu bieten. Die Besucher unserer Websites verwenden unterschiedliche Webbrowser und Computer. Um Ihre Besuche mit der von Ihnen verwendeten Technologie so einfach wie m\u00f6glich zu gestalten, verfolgen wir automatisch den Typ des Browsers (z. B. Internet Explorer) und das Betriebssystem (z. B. Windows, Mac), das ein Besucher verwendet, zusammen mit dem Domainnamen des Internetanbieters des Besuchers. Wir verfolgen auch die Gesamtzahl der Besucher auf unserer Website in aggregierter Form, damit wir unsere Websites aktualisieren und verbessern k\u00f6nnen. Diese Daten zeigen uns, ob mehr Besucher bestimmte Funktionen oder Bereiche gegen\u00fcber anderen bevorzugen, was uns dabei hilft, unsere Website zu aktualisieren und sie f\u00fcr die Mehrheit unserer Besucher interessant zu machen. Wir verwenden auch Cookies von Google Analytics. Diese Cookies helfen uns, die Inhalte zu identifizieren, die f\u00fcr Sie am interessantesten sind, und bestimmte Fehlfunktionen zu erkennen. Ihre Navigationsdaten auf dieser Website werden in anonymisierter Form an Google Inc. gesendet. Sie k\u00f6nnen jederzeit entscheiden, ob Sie Cookies von der tilckets-Website akzeptieren oder nicht.<\/span><\/p>\n<p style=\"text-align: center;\"><span style=\"color: #5c5c5c;\"><strong>3. Information des Besuchers :<\/strong><\/span><br \/>\n<span style=\"color: #5c5c5c;\">Der Besucher, der die Startseite der Website von tilckets besucht, wird \u00fcber Folgendes informiert:<\/span><br \/>\n<span style=\"color: #5c5c5c;\">\u00dcber die genauen Zwecke der verwendeten Cookies ;<\/span><br \/>\n<span style=\"color: #5c5c5c;\">\u00dcber die M\u00f6glichkeit, sich diesen Cookies zu widersetzen und die Einstellungen zu \u00e4ndern, indem Sie auf einen Link im Banner klicken;<\/span><br \/>\n<span style=\"color: #5c5c5c;\">Die Tatsache, dass die Fortsetzung seiner Navigation als Zustimmung zur Ablage von Cookies auf seinem Terminal gilt.<\/span><\/p>\n<p style=\"text-align: center;\"><span style=\"color: #5c5c5c;\">Um die freie, informierte und unmissverst\u00e4ndliche Zustimmung des Besuchers zu gew\u00e4hrleisten,<\/span><br \/>\n<span style=\"color: #5c5c5c;\">wird das Banner erst dann verschwinden, wenn der Besucher seine Navigation fortsetzt.<\/span><\/p>\n<p style=\"text-align: center;\"><span style=\"color: #5c5c5c;\"><strong><br \/>\n4. Dauer der Speicherung von Cookies :<\/strong><\/span><br \/>\n<span style=\"color: #5c5c5c;\">Gem\u00e4\u00df den Empfehlungen der CNIL betr\u00e4gt die maximale Speicherdauer von Cookies maximal dreizehn (13) Monate nach ihrer ersten Ablage im Endger\u00e4t des Kunden, ebenso wie die Dauer der G\u00fcltigkeit der Zustimmung des Besuchers zur Verwendung dieser Cookies. Die G\u00fcltigkeitsdauer der Cookies wird nicht bei jedem Besuch verl\u00e4ngert. Die Zustimmung des Besuchers muss daher nach Ablauf dieser Frist erneuert werden.<\/span><\/p>\n<p style=\"text-align: center;\"><span style=\"color: #5c5c5c;\"><strong><br \/>\n5. Web Beacons:<\/strong><\/span><br \/>\n<span style=\"color: #5c5c5c;\">Einige unserer Webseiten und E-Mail-Informationen k\u00f6nnen elektronische Bilder enthalten, die als Web Beacons bezeichnet werden, manchmal auch als 1-Pixel-GIFs, unsichtbare GIFs oder 1-Pixel-Tags. Auf den Websites erm\u00f6glichen sie es, die Besucher zu z\u00e4hlen, die unsere Seiten aufgerufen haben. In Werbebotschaften\/Newslettern k\u00f6nnen wir mithilfe von Web-Beacons z\u00e4hlen, wie viele Abonnenten sie gelesen haben. Web-Beacons erm\u00f6glichen es uns, statistische Informationen \u00fcber die Aktivit\u00e4ten und Funktionen zu entwickeln, die f\u00fcr unsere Besucher am interessantesten sind, damit wir ihnen mehr personalisierte Inhalte anbieten k\u00f6nnen. Sie werden nicht dazu verwendet, ohne Ihre Zustimmung auf Ihre pers\u00f6nlichen Daten zuzugreifen.<\/span><\/p>\n<p style=\"text-align: center;\"><span style=\"color: #5c5c5c;\"><strong>6. Wie kann ich Cookies abbestellen?<\/strong><\/span><br \/>\n<span style=\"color: #5c5c5c;\">Wenn Sie keine Cookies w\u00fcnschen, k\u00f6nnen Sie Ihren Computer so einstellen, dass er Sie jedes Mal benachrichtigt, wenn ein Cookie gesendet wird, oder Sie k\u00f6nnen \u00fcber Ihren Browser (z. B. Internet Explorer oder Firefox) alle Cookies deaktivieren.<\/span><br \/>\n<span style=\"color: #5c5c5c;\">Der Nutzer kann seinen Computer wie folgt konfigurieren, um die Installation von Cookies abzulehnen:<\/span><\/p>\n<p style=\"text-align: center;\"><span style=\"color: #5c5c5c;\">Unter Internet Explorer: Registerkarte Extras (Zahnrad-Piktogramm oben rechts) \/ Internetoptionen \/ Klicken Sie auf Datenschutz \/ w\u00e4hlen Sie Alle Cookies blockieren \/ Best\u00e4tigen Sie mit Ok.<\/span><\/p>\n<p style=\"text-align: center;\"><span style=\"color: #5c5c5c;\"><strong>Unter Firefox:<\/strong> Klicken Sie oben im Browserfenster auf die Firefox-Schaltfl\u00e4che und gehen Sie dann zur Registerkarte Optionen \/ Klicken Sie auf die Registerkarte Datenschutz \/ Stellen Sie die Aufbewahrungsregeln auf: Benutzerdefinierte Einstellungen f\u00fcr den Verlauf verwenden \/ Deaktivieren Sie schlie\u00dflich das Kontrollk\u00e4stchen, um die Cookies zu deaktivieren.<\/span><\/p>\n<p style=\"text-align: center;\"><span style=\"color: #5c5c5c;\"><strong>Unter Safari:<\/strong> Klicken Sie oben rechts im Browser auf das Men\u00fcpiktogramm (symbolisiert durch ein Zahnrad) \/ W\u00e4hlen Sie Einstellungen \/ Klicken Sie auf Erweiterte Einstellungen anzeigen \/ Klicken Sie im Abschnitt Datenschutz auf Inhaltseinstellungen \/ Im Abschnitt Cookies k\u00f6nnen Sie Cookies blockieren.<\/span><\/p>\n<p style=\"text-align: center;\"><span style=\"color: #5c5c5c;\"><strong>Unter Chrome:<\/strong> Klicken Sie oben rechts im Browser auf das Men\u00fc-Piktogramm (symbolisiert durch drei horizontale Linien) \/ W\u00e4hlen Sie Einstellungen \/ Klicken Sie auf Erweiterte Einstellungen anzeigen \/ Klicken Sie im Abschnitt Datenschutz auf Einstellungen \/ Auf der Registerkarte Datenschutz k\u00f6nnen Sie Cookies blockieren.<\/span><\/p>\n<p style=\"text-align: center;\"><span style=\"color: #5c5c5c;\">Alternativ k\u00f6nnen Sie <a style=\"color: #5c5c5c;\" href=\"http:\/\/www.aboutcookies.org\">www.aboutcookies.org<\/a> besuchen, die umfassende Informationen dar\u00fcber enth\u00e4lt, wie Sie bei vielen Browsern vorgehen m\u00fcssen. Dort finden Sie auch Einzelheiten dazu, wie Sie Cookies von Ihrem Computer l\u00f6schen k\u00f6nnen, sowie allgemeinere Informationen zu Cookies. F\u00fcr diesbez\u00fcgliche Informationen \u00fcber den Browser Ihres Mobiltelefons m\u00fcssen Sie das Handbuch Ihres Ger\u00e4ts konsultieren.<\/span><\/p>\n<p style=\"text-align: center;\"><span style=\"color: #5c5c5c;\">Bitte beachten Sie, dass das Verbot von Cookies Auswirkungen auf die Funktionalit\u00e4t der tilckets-Website haben kann.<\/span><\/p>\n","protected":false},"excerpt":{"rendered":"\u2022 1. RECHTLICHER HINWEIS Die Website https:\/\/tilckets-parkguell.com ist eine tilckets-Werbeseite f\u00fcr den Kartenverkauf, die mit Tiqets verbunden ist, einem der Anbieter von Online-Ticketing-Dienstleistungen f\u00fcr die Park G\u00fcell. tilckets erm\u00f6glicht Ihnen \u00fcber diese Website, Ihre Online-Buchung mit zahlreichen Besuchsoptionen \u00fcber die sichere Plattform von Tiqets durchzuf\u00fchren. Wir weisen darauf hin, dass die Website von tilckets nicht&#8230; <a class=\"view-article\" href=\"https:\/\/tilckets-parkguell.com\/de\/terms-and-conditions\/\">Artikel ansehen<\/a>","protected":false},"author":3,"featured_media":0,"parent":0,"menu_order":0,"comment_status":"closed","ping_status":"closed","template":"","meta":{"_acf_changed":false,"footnotes":""},"class_list":["post-2158","page","type-page","status-publish","hentry"],"acf":[],"yoast_head":"<!-- This site is optimized with the Yoast SEO plugin v27.3 - https:\/\/yoast.com\/product\/yoast-seo-wordpress\/ -->\n<title>Terms and conditions - Online ticketing service provider<\/title>\n<meta name=\"robots\" content=\"index, follow, max-snippet:-1, max-image-preview:large, max-video-preview:-1\" \/>\n<link rel=\"canonical\" href=\"https:\/\/tilckets-parkguell.com\/de\/terms-and-conditions\/\" \/>\n<meta property=\"og:locale\" content=\"de_DE\" \/>\n<meta property=\"og:type\" content=\"article\" \/>\n<meta property=\"og:title\" content=\"Terms and conditions - Online ticketing service provider\" \/>\n<meta property=\"og:description\" content=\"\u2022 1. RECHTLICHER HINWEIS Die Website https:\/\/tilckets-parkguell.com ist eine tilckets-Werbeseite f\u00fcr den Kartenverkauf, die mit Tiqets verbunden ist, einem der Anbieter von Online-Ticketing-Dienstleistungen f\u00fcr die Park G\u00fcell. tilckets erm\u00f6glicht Ihnen \u00fcber diese Website, Ihre Online-Buchung mit zahlreichen Besuchsoptionen \u00fcber die sichere Plattform von Tiqets durchzuf\u00fchren. Wir weisen darauf hin, dass die Website von tilckets nicht... Artikel ansehen\" \/>\n<meta property=\"og:url\" content=\"https:\/\/tilckets-parkguell.com\/de\/terms-and-conditions\/\" \/>\n<meta property=\"og:site_name\" content=\"Online ticketing service provider\" \/>\n<meta property=\"article:modified_time\" content=\"2026-03-14T13:09:15+00:00\" \/>\n<meta property=\"og:image\" content=\"http:\/\/tilckets-parkguell.com\/wp-content\/uploads\/2025\/06\/gabarit-photo-mentions.png\" \/>\n<meta name=\"twitter:card\" content=\"summary_large_image\" \/>\n<meta name=\"twitter:label1\" content=\"Gesch\u00e4tzte Lesezeit\" \/>\n\t<meta name=\"twitter:data1\" content=\"6\u00a0Minuten\" \/>\n<script type=\"application\/ld+json\" class=\"yoast-schema-graph\">{\"@context\":\"https:\\\/\\\/schema.org\",\"@graph\":[{\"@type\":\"WebPage\",\"@id\":\"https:\\\/\\\/tilckets-parkguell.com\\\/de\\\/terms-and-conditions\\\/\",\"url\":\"https:\\\/\\\/tilckets-parkguell.com\\\/de\\\/terms-and-conditions\\\/\",\"name\":\"Terms and conditions - Online ticketing service provider\",\"isPartOf\":{\"@id\":\"https:\\\/\\\/tilckets-parkguell.com\\\/#website\"},\"primaryImageOfPage\":{\"@id\":\"https:\\\/\\\/tilckets-parkguell.com\\\/de\\\/terms-and-conditions\\\/#primaryimage\"},\"image\":{\"@id\":\"https:\\\/\\\/tilckets-parkguell.com\\\/de\\\/terms-and-conditions\\\/#primaryimage\"},\"thumbnailUrl\":\"http:\\\/\\\/tilckets-parkguell.com\\\/wp-content\\\/uploads\\\/2025\\\/06\\\/gabarit-photo-mentions.png\",\"datePublished\":\"2025-06-05T16:13:32+00:00\",\"dateModified\":\"2026-03-14T13:09:15+00:00\",\"breadcrumb\":{\"@id\":\"https:\\\/\\\/tilckets-parkguell.com\\\/de\\\/terms-and-conditions\\\/#breadcrumb\"},\"inLanguage\":\"de\",\"potentialAction\":[{\"@type\":\"ReadAction\",\"target\":[\"https:\\\/\\\/tilckets-parkguell.com\\\/de\\\/terms-and-conditions\\\/\"]}]},{\"@type\":\"ImageObject\",\"inLanguage\":\"de\",\"@id\":\"https:\\\/\\\/tilckets-parkguell.com\\\/de\\\/terms-and-conditions\\\/#primaryimage\",\"url\":\"http:\\\/\\\/tilckets-parkguell.com\\\/wp-content\\\/uploads\\\/2025\\\/06\\\/gabarit-photo-mentions.png\",\"contentUrl\":\"http:\\\/\\\/tilckets-parkguell.com\\\/wp-content\\\/uploads\\\/2025\\\/06\\\/gabarit-photo-mentions.png\"},{\"@type\":\"BreadcrumbList\",\"@id\":\"https:\\\/\\\/tilckets-parkguell.com\\\/de\\\/terms-and-conditions\\\/#breadcrumb\",\"itemListElement\":[{\"@type\":\"ListItem\",\"position\":1,\"name\":\"Accueil\",\"item\":\"https:\\\/\\\/tilckets-parkguell.com\\\/de\\\/\"},{\"@type\":\"ListItem\",\"position\":2,\"name\":\"Terms and conditions\"}]},{\"@type\":\"WebSite\",\"@id\":\"https:\\\/\\\/tilckets-parkguell.com\\\/#website\",\"url\":\"https:\\\/\\\/tilckets-parkguell.com\\\/\",\"name\":\"Online ticketing service provider\",\"description\":\"Entdecken Sie den Park G\u00fcell, das Symbol von Barcelona.\",\"potentialAction\":[{\"@type\":\"SearchAction\",\"target\":{\"@type\":\"EntryPoint\",\"urlTemplate\":\"https:\\\/\\\/tilckets-parkguell.com\\\/?s={search_term_string}\"},\"query-input\":{\"@type\":\"PropertyValueSpecification\",\"valueRequired\":true,\"valueName\":\"search_term_string\"}}],\"inLanguage\":\"de\"}]}<\/script>\n<!-- \/ Yoast SEO plugin. -->","yoast_head_json":{"title":"Terms and conditions - Online ticketing service provider","robots":{"index":"index","follow":"follow","max-snippet":"max-snippet:-1","max-image-preview":"max-image-preview:large","max-video-preview":"max-video-preview:-1"},"canonical":"https:\/\/tilckets-parkguell.com\/de\/terms-and-conditions\/","og_locale":"de_DE","og_type":"article","og_title":"Terms and conditions - Online ticketing service provider","og_description":"\u2022 1. RECHTLICHER HINWEIS Die Website https:\/\/tilckets-parkguell.com ist eine tilckets-Werbeseite f\u00fcr den Kartenverkauf, die mit Tiqets verbunden ist, einem der Anbieter von Online-Ticketing-Dienstleistungen f\u00fcr die Park G\u00fcell. tilckets erm\u00f6glicht Ihnen \u00fcber diese Website, Ihre Online-Buchung mit zahlreichen Besuchsoptionen \u00fcber die sichere Plattform von Tiqets durchzuf\u00fchren. Wir weisen darauf hin, dass die Website von tilckets nicht... Artikel ansehen","og_url":"https:\/\/tilckets-parkguell.com\/de\/terms-and-conditions\/","og_site_name":"Online ticketing service provider","article_modified_time":"2026-03-14T13:09:15+00:00","og_image":[{"url":"http:\/\/tilckets-parkguell.com\/wp-content\/uploads\/2025\/06\/gabarit-photo-mentions.png","type":"","width":"","height":""}],"twitter_card":"summary_large_image","twitter_misc":{"Gesch\u00e4tzte Lesezeit":"6\u00a0Minuten"},"schema":{"@context":"https:\/\/schema.org","@graph":[{"@type":"WebPage","@id":"https:\/\/tilckets-parkguell.com\/de\/terms-and-conditions\/","url":"https:\/\/tilckets-parkguell.com\/de\/terms-and-conditions\/","name":"Terms and conditions - Online ticketing service provider","isPartOf":{"@id":"https:\/\/tilckets-parkguell.com\/#website"},"primaryImageOfPage":{"@id":"https:\/\/tilckets-parkguell.com\/de\/terms-and-conditions\/#primaryimage"},"image":{"@id":"https:\/\/tilckets-parkguell.com\/de\/terms-and-conditions\/#primaryimage"},"thumbnailUrl":"http:\/\/tilckets-parkguell.com\/wp-content\/uploads\/2025\/06\/gabarit-photo-mentions.png","datePublished":"2025-06-05T16:13:32+00:00","dateModified":"2026-03-14T13:09:15+00:00","breadcrumb":{"@id":"https:\/\/tilckets-parkguell.com\/de\/terms-and-conditions\/#breadcrumb"},"inLanguage":"de","potentialAction":[{"@type":"ReadAction","target":["https:\/\/tilckets-parkguell.com\/de\/terms-and-conditions\/"]}]},{"@type":"ImageObject","inLanguage":"de","@id":"https:\/\/tilckets-parkguell.com\/de\/terms-and-conditions\/#primaryimage","url":"http:\/\/tilckets-parkguell.com\/wp-content\/uploads\/2025\/06\/gabarit-photo-mentions.png","contentUrl":"http:\/\/tilckets-parkguell.com\/wp-content\/uploads\/2025\/06\/gabarit-photo-mentions.png"},{"@type":"BreadcrumbList","@id":"https:\/\/tilckets-parkguell.com\/de\/terms-and-conditions\/#breadcrumb","itemListElement":[{"@type":"ListItem","position":1,"name":"Accueil","item":"https:\/\/tilckets-parkguell.com\/de\/"},{"@type":"ListItem","position":2,"name":"Terms and conditions"}]},{"@type":"WebSite","@id":"https:\/\/tilckets-parkguell.com\/#website","url":"https:\/\/tilckets-parkguell.com\/","name":"Online ticketing service provider","description":"Entdecken Sie den Park G\u00fcell, das Symbol von Barcelona.","potentialAction":[{"@type":"SearchAction","target":{"@type":"EntryPoint","urlTemplate":"https:\/\/tilckets-parkguell.com\/?s={search_term_string}"},"query-input":{"@type":"PropertyValueSpecification","valueRequired":true,"valueName":"search_term_string"}}],"inLanguage":"de"}]}},"_links":{"self":[{"href":"https:\/\/tilckets-parkguell.com\/de\/wp-json\/wp\/v2\/pages\/2158","targetHints":{"allow":["GET"]}}],"collection":[{"href":"https:\/\/tilckets-parkguell.com\/de\/wp-json\/wp\/v2\/pages"}],"about":[{"href":"https:\/\/tilckets-parkguell.com\/de\/wp-json\/wp\/v2\/types\/page"}],"author":[{"embeddable":true,"href":"https:\/\/tilckets-parkguell.com\/de\/wp-json\/wp\/v2\/users\/3"}],"replies":[{"embeddable":true,"href":"https:\/\/tilckets-parkguell.com\/de\/wp-json\/wp\/v2\/comments?post=2158"}],"version-history":[{"count":2,"href":"https:\/\/tilckets-parkguell.com\/de\/wp-json\/wp\/v2\/pages\/2158\/revisions"}],"predecessor-version":[{"id":2745,"href":"https:\/\/tilckets-parkguell.com\/de\/wp-json\/wp\/v2\/pages\/2158\/revisions\/2745"}],"wp:attachment":[{"href":"https:\/\/tilckets-parkguell.com\/de\/wp-json\/wp\/v2\/media?parent=2158"}],"curies":[{"name":"wp","href":"https:\/\/api.w.org\/{rel}","templated":true}]}}