{"id":7,"date":"2019-11-17T17:09:56","date_gmt":"2019-11-17T16:09:56","guid":{"rendered":"http:\/\/parc-guell.es\/home\/"},"modified":"2026-03-13T18:01:32","modified_gmt":"2026-03-13T17:01:32","slug":"park-guell-ticket","status":"publish","type":"page","link":"https:\/\/tilckets-parkguell.com\/en\/","title":{"rendered":"Park G\u00fcell ticket"},"content":{"rendered":"","protected":false},"excerpt":{"rendered":"","protected":false},"author":3,"featured_media":219,"parent":0,"menu_order":0,"comment_status":"closed","ping_status":"closed","template":"templates\/template-home.php","meta":{"_acf_changed":false,"footnotes":""},"class_list":["post-7","page","type-page","status-publish","has-post-thumbnail","hentry"],"acf":[],"yoast_head":"<!-- This site is optimized with the Yoast SEO plugin v27.3 - https:\/\/yoast.com\/product\/yoast-seo-wordpress\/ -->\n<title>Park G\u00fcell ticket | Skip the line ticket + Gaud\u00ed House<\/title>\n<meta name=\"description\" content=\"Book your Park G\u00fcell ticket or your guided tour in English with tilckets, timetable, map, itinerary. FREE FOR CHILDREN UNDER 7.\" \/>\n<meta name=\"robots\" content=\"index, follow, max-snippet:-1, max-image-preview:large, max-video-preview:-1\" \/>\n<link rel=\"canonical\" href=\"https:\/\/tilckets-parkguell.com\/en\/\" \/>\n<meta property=\"og:locale\" content=\"en_US\" \/>\n<meta property=\"og:type\" content=\"article\" \/>\n<meta property=\"og:title\" content=\"Park G\u00fcell ticket | Skip the line ticket + Gaud\u00ed House\" \/>\n<meta property=\"og:description\" content=\"Book your Park G\u00fcell ticket or your guided tour in English with tilckets, timetable, map, itinerary. FREE FOR CHILDREN UNDER 7.\" \/>\n<meta property=\"og:url\" content=\"https:\/\/tilckets-parkguell.com\/en\/\" \/>\n<meta property=\"og:site_name\" content=\"Online ticketing service provider\" \/>\n<meta property=\"article:modified_time\" content=\"2026-03-13T17:01:32+00:00\" \/>\n<meta property=\"og:image\" content=\"https:\/\/tilckets-parkguell.com\/wp-content\/uploads\/2019\/11\/ticket-parc-guell2.jpg\" \/>\n\t<meta property=\"og:image:width\" content=\"1440\" \/>\n\t<meta property=\"og:image:height\" content=\"885\" \/>\n\t<meta property=\"og:image:type\" content=\"image\/jpeg\" \/>\n<meta name=\"twitter:card\" content=\"summary_large_image\" \/>\n<meta name=\"twitter:label1\" content=\"Est. reading time\" \/>\n\t<meta name=\"twitter:data1\" content=\"1 minute\" \/>\n<script type=\"application\/ld+json\" class=\"yoast-schema-graph\">{\"@context\":\"https:\\\/\\\/schema.org\",\"@graph\":[{\"@type\":\"WebPage\",\"@id\":\"https:\\\/\\\/tilckets-parkguell.com\\\/en\\\/\",\"url\":\"https:\\\/\\\/tilckets-parkguell.com\\\/en\\\/\",\"name\":\"Park G\u00fcell ticket | Skip the line ticket + Gaud\u00ed House\",\"isPartOf\":{\"@id\":\"https:\\\/\\\/tilckets-parkguell.com\\\/#website\"},\"primaryImageOfPage\":{\"@id\":\"https:\\\/\\\/tilckets-parkguell.com\\\/en\\\/#primaryimage\"},\"image\":{\"@id\":\"https:\\\/\\\/tilckets-parkguell.com\\\/en\\\/#primaryimage\"},\"thumbnailUrl\":\"https:\\\/\\\/tilckets-parkguell.com\\\/wp-content\\\/uploads\\\/2019\\\/11\\\/ticket-parc-guell2.jpg\",\"datePublished\":\"2019-11-17T16:09:56+00:00\",\"dateModified\":\"2026-03-13T17:01:32+00:00\",\"description\":\"Book your Park G\u00fcell ticket or your guided tour in English with tilckets, timetable, map, itinerary. FREE FOR CHILDREN UNDER 7.\",\"breadcrumb\":{\"@id\":\"https:\\\/\\\/tilckets-parkguell.com\\\/en\\\/#breadcrumb\"},\"inLanguage\":\"en-US\",\"potentialAction\":[{\"@type\":\"ReadAction\",\"target\":[\"https:\\\/\\\/tilckets-parkguell.com\\\/en\\\/\"]}]},{\"@type\":\"ImageObject\",\"inLanguage\":\"en-US\",\"@id\":\"https:\\\/\\\/tilckets-parkguell.com\\\/en\\\/#primaryimage\",\"url\":\"https:\\\/\\\/tilckets-parkguell.com\\\/wp-content\\\/uploads\\\/2019\\\/11\\\/ticket-parc-guell2.jpg\",\"contentUrl\":\"https:\\\/\\\/tilckets-parkguell.com\\\/wp-content\\\/uploads\\\/2019\\\/11\\\/ticket-parc-guell2.jpg\",\"width\":1440,\"height\":885,\"caption\":\"park guell ticket\"},{\"@type\":\"BreadcrumbList\",\"@id\":\"https:\\\/\\\/tilckets-parkguell.com\\\/en\\\/#breadcrumb\",\"itemListElement\":[{\"@type\":\"ListItem\",\"position\":1,\"name\":\"Accueil\",\"item\":\"https:\\\/\\\/tilckets-parkguell.com\\\/en\\\/\"},{\"@type\":\"ListItem\",\"position\":2,\"name\":\"Park G\u00fcell ticket\"}]},{\"@type\":\"WebSite\",\"@id\":\"https:\\\/\\\/tilckets-parkguell.com\\\/#website\",\"url\":\"https:\\\/\\\/tilckets-parkguell.com\\\/\",\"name\":\"Online ticketing service provider\",\"description\":\"Discover Park G\u00fcell, symbol of Barcelona.\",\"potentialAction\":[{\"@type\":\"SearchAction\",\"target\":{\"@type\":\"EntryPoint\",\"urlTemplate\":\"https:\\\/\\\/tilckets-parkguell.com\\\/?s={search_term_string}\"},\"query-input\":{\"@type\":\"PropertyValueSpecification\",\"valueRequired\":true,\"valueName\":\"search_term_string\"}}],\"inLanguage\":\"en-US\"}]}<\/script>\n<!-- \/ Yoast SEO plugin. -->","yoast_head_json":{"title":"Park G\u00fcell ticket | Skip the line ticket + Gaud\u00ed House","description":"Book your Park G\u00fcell ticket or your guided tour in English with tilckets, timetable, map, itinerary. FREE FOR CHILDREN UNDER 7.","robots":{"index":"index","follow":"follow","max-snippet":"max-snippet:-1","max-image-preview":"max-image-preview:large","max-video-preview":"max-video-preview:-1"},"canonical":"https:\/\/tilckets-parkguell.com\/en\/","og_locale":"en_US","og_type":"article","og_title":"Park G\u00fcell ticket | Skip the line ticket + Gaud\u00ed House","og_description":"Book your Park G\u00fcell ticket or your guided tour in English with tilckets, timetable, map, itinerary. FREE FOR CHILDREN UNDER 7.","og_url":"https:\/\/tilckets-parkguell.com\/en\/","og_site_name":"Online ticketing service provider","article_modified_time":"2026-03-13T17:01:32+00:00","og_image":[{"width":1440,"height":885,"url":"https:\/\/tilckets-parkguell.com\/wp-content\/uploads\/2019\/11\/ticket-parc-guell2.jpg","type":"image\/jpeg"}],"twitter_card":"summary_large_image","twitter_misc":{"Est. reading time":"1 minute"},"schema":{"@context":"https:\/\/schema.org","@graph":[{"@type":"WebPage","@id":"https:\/\/tilckets-parkguell.com\/en\/","url":"https:\/\/tilckets-parkguell.com\/en\/","name":"Park G\u00fcell ticket | Skip the line ticket + Gaud\u00ed House","isPartOf":{"@id":"https:\/\/tilckets-parkguell.com\/#website"},"primaryImageOfPage":{"@id":"https:\/\/tilckets-parkguell.com\/en\/#primaryimage"},"image":{"@id":"https:\/\/tilckets-parkguell.com\/en\/#primaryimage"},"thumbnailUrl":"https:\/\/tilckets-parkguell.com\/wp-content\/uploads\/2019\/11\/ticket-parc-guell2.jpg","datePublished":"2019-11-17T16:09:56+00:00","dateModified":"2026-03-13T17:01:32+00:00","description":"Book your Park G\u00fcell ticket or your guided tour in English with tilckets, timetable, map, itinerary. FREE FOR CHILDREN UNDER 7.","breadcrumb":{"@id":"https:\/\/tilckets-parkguell.com\/en\/#breadcrumb"},"inLanguage":"en-US","potentialAction":[{"@type":"ReadAction","target":["https:\/\/tilckets-parkguell.com\/en\/"]}]},{"@type":"ImageObject","inLanguage":"en-US","@id":"https:\/\/tilckets-parkguell.com\/en\/#primaryimage","url":"https:\/\/tilckets-parkguell.com\/wp-content\/uploads\/2019\/11\/ticket-parc-guell2.jpg","contentUrl":"https:\/\/tilckets-parkguell.com\/wp-content\/uploads\/2019\/11\/ticket-parc-guell2.jpg","width":1440,"height":885,"caption":"park guell ticket"},{"@type":"BreadcrumbList","@id":"https:\/\/tilckets-parkguell.com\/en\/#breadcrumb","itemListElement":[{"@type":"ListItem","position":1,"name":"Accueil","item":"https:\/\/tilckets-parkguell.com\/en\/"},{"@type":"ListItem","position":2,"name":"Park G\u00fcell ticket"}]},{"@type":"WebSite","@id":"https:\/\/tilckets-parkguell.com\/#website","url":"https:\/\/tilckets-parkguell.com\/","name":"Online ticketing service provider","description":"Discover Park G\u00fcell, symbol of Barcelona.","potentialAction":[{"@type":"SearchAction","target":{"@type":"EntryPoint","urlTemplate":"https:\/\/tilckets-parkguell.com\/?s={search_term_string}"},"query-input":{"@type":"PropertyValueSpecification","valueRequired":true,"valueName":"search_term_string"}}],"inLanguage":"en-US"}]}},"_links":{"self":[{"href":"https:\/\/tilckets-parkguell.com\/en\/wp-json\/wp\/v2\/pages\/7","targetHints":{"allow":["GET"]}}],"collection":[{"href":"https:\/\/tilckets-parkguell.com\/en\/wp-json\/wp\/v2\/pages"}],"about":[{"href":"https:\/\/tilckets-parkguell.com\/en\/wp-json\/wp\/v2\/types\/page"}],"author":[{"embeddable":true,"href":"https:\/\/tilckets-parkguell.com\/en\/wp-json\/wp\/v2\/users\/3"}],"replies":[{"embeddable":true,"href":"https:\/\/tilckets-parkguell.com\/en\/wp-json\/wp\/v2\/comments?post=7"}],"version-history":[{"count":186,"href":"https:\/\/tilckets-parkguell.com\/en\/wp-json\/wp\/v2\/pages\/7\/revisions"}],"predecessor-version":[{"id":2641,"href":"https:\/\/tilckets-parkguell.com\/en\/wp-json\/wp\/v2\/pages\/7\/revisions\/2641"}],"wp:featuredmedia":[{"embeddable":true,"href":"https:\/\/tilckets-parkguell.com\/en\/wp-json\/wp\/v2\/media\/219"}],"wp:attachment":[{"href":"https:\/\/tilckets-parkguell.com\/en\/wp-json\/wp\/v2\/media?parent=7"}],"curies":[{"name":"wp","href":"https:\/\/api.w.org\/{rel}","templated":true}]}}