{"id":2179,"date":"2025-06-05T18:14:57","date_gmt":"2025-06-05T16:14:57","guid":{"rendered":"http:\/\/tilckets-parkguell.com\/?page_id=2179"},"modified":"2026-03-14T14:09:50","modified_gmt":"2026-03-14T13:09:50","slug":"terms-and-conditions","status":"publish","type":"page","link":"https:\/\/tilckets-parkguell.com\/it\/terms-and-conditions\/","title":{"rendered":"Terms and conditions"},"content":{"rendered":"<p style=\"text-align: center;\"><span style=\"color: #5c5c5c;\"><img loading=\"lazy\" decoding=\"async\" width=\"850\" height=\"474\" class=\"aligncenter size-full wp-image-2110\" src=\"http:\/\/tilckets-parkguell.com\/wp-content\/uploads\/2025\/06\/gabarit-photo-mentions.png\" alt=\"photo\" srcset=\"https:\/\/tilckets-parkguell.com\/wp-content\/uploads\/2025\/06\/gabarit-photo-mentions.png 850w, https:\/\/tilckets-parkguell.com\/wp-content\/uploads\/2025\/06\/gabarit-photo-mentions-250x139.png 250w, https:\/\/tilckets-parkguell.com\/wp-content\/uploads\/2025\/06\/gabarit-photo-mentions-700x390.png 700w, https:\/\/tilckets-parkguell.com\/wp-content\/uploads\/2025\/06\/gabarit-photo-mentions-768x428.png 768w, https:\/\/tilckets-parkguell.com\/wp-content\/uploads\/2025\/06\/gabarit-photo-mentions-120x67.png 120w\" sizes=\"auto, (max-width: 850px) 100vw, 850px\" \/><\/span><\/p>\n<h2><\/h2>\n<h3 style=\"text-align: center;\"><span style=\"color: #5c5c5c;\"><strong>\u2022<br \/>\n1. INFORMAZIONI LEGALI<br \/>\n<\/strong><\/span><\/h3>\n<p style=\"text-align: center;\"><span style=\"color: #5c5c5c;\">Il sito https:\/\/tilckets-parkguell.com \u00e8 un sito di promozione di tilckets affiliato a Tiqets.<\/span><br \/>\n<span style=\"color: #5c5c5c;\">Tiqets \u00e8 uno dei fornitori di servizi di biglietteria online per la Park G\u00fcell.<\/span><br \/>\n<span style=\"color: #5c5c5c;\">Attraverso questo sito web, tilckets consente di effettuare la prenotazione online con un&#8217;ampia gamma di opzioni di visita tramite la piattaforma sicura di Tiqets. Si prega di notare che il sito web di tilckets non \u00e8 il sito ufficiale ma un marchio affiliato a Tiqets.<\/span><\/p>\n<p style=\"text-align: center;\"><span style=\"color: #5c5c5c;\">Questo sito non \u00e8 collegato al sito ufficiale della Park G\u00fcell.<\/span><\/p>\n<p style=\"text-align: center;\"><span style=\"color: #5c5c5c;\">Il sig. Perillat \u00e8 il direttore di SOCREATIV&#8217;, SOCREATIV&#8217; che \u00e8 il proprietario registrato del marchio tilckets con il numero 5017171.<\/span><br \/>\n<span style=\"color: #5c5c5c;\">SOCREATIV&#8217; \u00e8 una societ\u00e0 a responsabilit\u00e0 limitata iscritta al Registro del Commercio e delle Imprese di Bordeaux con il numero 788838316, con sede legale in Bord&#8221;eau Village H15 NOW | Quai des Chartrons | 33300 Bordeaux.<\/span><\/p>\n<p style=\"text-align: center;\"><span style=\"color: #5c5c5c;\">Per qualsiasi domanda o commento, si prega di contattarci via e-mail all&#8217;indirizzo <a style=\"color: #5c5c5c;\" href=\"mailto:contact-us@tilckets.com\">contact-us@tilckets.com<\/a>.<\/span><\/p>\n<h3 style=\"text-align: center;\"><span style=\"color: #5c5c5c;\"><strong>2. DATI PERSONALI<\/strong><\/span><\/h3>\n<p style=\"text-align: center;\"><span style=\"color: #5c5c5c;\">Poich\u00e9 le vendite sono gestite da Tiqets, su questo sito non vengono raccolti dati personali.<\/span><\/p>\n<p style=\"text-align: center;\"><span style=\"color: #5c5c5c;\">HOST: OVH<\/span><br \/>\n<span style=\"color: #5c5c5c;\">2 rue Kellermann &#8211; 59100 Roubaix &#8211; Francia.<\/span><br \/>\n<span style=\"color: #5c5c5c;\">Telefono: +33 (0)8 99 70 17 61 &#8211; Mail: support@ovh.com<\/span><\/p>\n<p style=\"text-align: center;\"><span style=\"color: #5c5c5c;\"><strong>3. POLITICA DEI COOKIE<\/strong><\/span><\/p>\n<p style=\"text-align: center;\"><span style=\"color: #5c5c5c;\"><strong>1. Definizione:<\/strong><\/span><br \/>\n<span style=\"color: #5c5c5c;\">I &#8220;cookie&#8221; sono file di dati che un sito web invia al vostro computer mentre siete connessi al sito.<\/span><br \/>\n<span style=\"color: #5c5c5c;\">Questi file di dati contengono informazioni che consentono al sito di ricordare informazioni importanti che vi permetteranno di utilizzare il sito in modo pi\u00f9 efficace.<\/span><br \/>\n<span style=\"color: #5c5c5c;\">Il nostro sito utilizza i cookie per una serie di scopi.<\/span><\/p>\n<p style=\"text-align: center;\"><span style=\"color: #5c5c5c;\"><strong>2. Come lo utilizziamo:<\/strong><\/span><br \/>\n<span style=\"color: #5c5c5c;\">tilckets utilizza la tecnologia dei cookie e gli indirizzi IP per ottenere informazioni sui visitatori online e per fornire ai visitatori iscritti la migliore esperienza online personalizzata. I visitatori dei nostri siti utilizzano diversi browser web e diversi computer. Per rendere le vostre visite il pi\u00f9 agevoli possibile, con la tecnologia che utilizzate, tracciamo automaticamente il tipo di browser (ad es. Internet Explorer) e il sistema operativo (ad es. Windows, Mac) utilizzati da un visitatore insieme al nome del dominio del provider di servizi Internet del visitatore. Tracciamo anche il numero totale di visitatori del nostro sito in forma aggregata per consentirci di aggiornare e migliorare i nostri siti. Questi dati ci dicono se il maggior numero di visitatori preferisce determinate funzioni o aree rispetto ad altre, il che ci aiuta a mantenere il nostro sito aggiornato e interessante per la maggior parte dei nostri visitatori. Utilizziamo anche i cookie di Google Analytics, che ci aiutano a identificare i contenuti che vi interessano maggiormente e a individuare eventuali malfunzionamenti. I vostri dati di navigazione su questo sito vengono inviati a Google Inc. in forma anonima. Potete scegliere in qualsiasi momento se accettare o meno i cookie del sito web di tilckets.<\/span><\/p>\n<p style=\"text-align: center;\"><span style=\"color: #5c5c5c;\"><strong>3. Informazioni per i visitatori:<\/strong><\/span><br \/>\n<span style=\"color: #5c5c5c;\">I visitatori della home page del Sito tilckets sono informati di :<\/span><br \/>\n<span style=\"color: #5c5c5c;\">Le finalit\u00e0 precise dei cookie utilizzati;<\/span><br \/>\n<span style=\"color: #5c5c5c;\">della possibilit\u00e0 di opporsi a questi cookie e di modificare le impostazioni cliccando su un link nel banner;<\/span><br \/>\n<span style=\"color: #5c5c5c;\">che continuando a navigare sul sito, acconsente all&#8217;installazione dei cookie sul suo terminale.<\/span><\/p>\n<p style=\"text-align: center;\"><span style=\"color: #5c5c5c;\">Per garantire il consenso libero, informato e inequivocabile del Visitatore,<\/span><br \/>\n<span style=\"color: #5c5c5c;\">il banner non scomparir\u00e0 finch\u00e9 il Visitatore non avr\u00e0 proseguito la navigazione.<\/span><\/p>\n<p style=\"text-align: center;\"><span style=\"color: #5c5c5c;\"><strong><br \/>\n4. Periodo di conservazione dei cookie:<\/strong><\/span><br \/>\n<span style=\"color: #5c5c5c;\">In conformit\u00e0 alle raccomandazioni della CNIL, i cookie vengono conservati per un massimo di tredici (13) mesi dalla loro prima collocazione sul terminale del cliente, cos\u00ec come il periodo di validit\u00e0 del consenso del Visitatore all&#8217;utilizzo di tali cookie. La durata di vita dei cookie non viene estesa a ogni visita. Il consenso del Visitatore deve quindi essere rinnovato alla fine di questo periodo.<\/span><\/p>\n<p style=\"text-align: center;\"><span style=\"color: #5c5c5c;\"><strong><br \/>\n5. Web Beacon:<\/strong><\/span><br \/>\n<span style=\"color: #5c5c5c;\">Alcune delle nostre pagine web e delle nostre informazioni via e-mail possono contenere immagini elettroniche chiamate Web Beacon, talvolta indicate come GIF a pixel singolo, GIF trasparenti o tag a pixel singolo. Sui siti, vengono utilizzati per contare i visitatori che hanno visualizzato le nostre pagine. Nei messaggi promozionali\/newsletter, ci permettono di contare quanti abbonati li hanno letti. I Web beacon ci consentono di elaborare informazioni statistiche sulle attivit\u00e0 e le funzioni di maggiore interesse per i nostri visitatori, in modo da poter offrire loro contenuti pi\u00f9 personalizzati. Non vengono utilizzati per accedere ai vostri dati personali senza il vostro consenso.<\/span><\/p>\n<p style=\"text-align: center;\"><span style=\"color: #5c5c5c;\"><strong>6. Come posso annullare l&#8217;iscrizione ai cookie?<\/strong><\/span><br \/>\n<span style=\"color: #5c5c5c;\">Se non si desidera ricevere cookie, \u00e8 possibile impostare il computer in modo da essere avvisati ogni volta che viene inviato un cookie o disabilitare tutti i cookie tramite il browser <em>(ad esempio, Internet Explorer o Firefox)<\/em>.<\/span><br \/>\n<span style=\"color: #5c5c5c;\">Gli utenti possono configurare il proprio computer come segue per rifiutare l&#8217;installazione dei cookie:<\/span><\/p>\n<p style=\"text-align: center;\"><span style=\"color: #5c5c5c;\"><strong>Internet Explorer:<\/strong> scheda Strumenti <em>(pittogramma a forma di ruota in alto a destra)<\/em> \/ Opzioni Internet \/ cliccare su Riservatezza \/ scegliere Blocca tutti i cookie \/ confermare con Ok.<\/span><\/p>\n<p style=\"text-align: center;\"><span style=\"color: #5c5c5c;\"><strong>Firefox:<\/strong> nella parte superiore della finestra del browser, fare clic sul pulsante Firefox, quindi andare alla scheda Opzioni \/ Fare clic sulla scheda Privacy \/ Impostare le regole di conservazione su: utilizza impostazioni personalizzate per la cronologia \/ Infine, deselezionare la casella per disabilitare i cookie.<\/span><\/p>\n<p style=\"text-align: center;\"><span style=\"color: #5c5c5c;\"><strong>Su Safari:<\/strong> fare clic sull&#8217;icona del menu <em>(simboleggiata da un ingranaggio)<\/em> in alto a destra del browser \/ Selezionare Impostazioni \/ Fare clic su Mostra impostazioni avanzate \/ Nella sezione Privacy, fare clic su Impostazioni contenuti \/ Nella sezione Cookie, \u00e8 possibile bloccare i cookie.<\/span><\/p>\n<p style=\"text-align: center;\"><span style=\"color: #5c5c5c;\"><strong>In Chrome:<\/strong> cliccate sull&#8217;icona del menu (simboleggiata da tre linee orizzontali) in alto a destra del browser \/ Selezionate Impostazioni \/ Cliccate su Mostra impostazioni avanzate \/ Nella sezione Riservatezza, cliccate su Preferenze \/ Nella scheda Riservatezza, potete bloccare i cookie.<\/span><\/p>\n<p style=\"text-align: center;\"><span style=\"color: #5c5c5c;\">In alternativa, \u00e8 possibile visitare il sito www.aboutcookies.org che contiene informazioni complete su come effettuare questa operazione su molti browser. Troverete anche informazioni su come eliminare i cookie dal vostro computer e informazioni pi\u00f9 generali sui cookie. Per informazioni su questo argomento relative al browser del vostro telefono cellulare, consultate il manuale del vostro dispositivo.<\/span><\/p>\n<p style=\"text-align: center;\"><span style=\"color: #5c5c5c;\">Si prega di notare che la disattivazione dei cookie pu\u00f2 avere un impatto sulla funzionalit\u00e0 del sito web di tilckets.<\/span><\/p>\n","protected":false},"excerpt":{"rendered":"\u2022 1. INFORMAZIONI LEGALI Il sito https:\/\/tilckets-parkguell.com \u00e8 un sito di promozione di tilckets affiliato a Tiqets. Tiqets \u00e8 uno dei fornitori di servizi di biglietteria online per la Park G\u00fcell. Attraverso questo sito web, tilckets consente di effettuare la prenotazione online con un&#8217;ampia gamma di opzioni di visita tramite la piattaforma sicura di Tiqets&#8230;. <a class=\"view-article\" href=\"https:\/\/tilckets-parkguell.com\/it\/terms-and-conditions\/\">Mostra articolo<\/a>","protected":false},"author":3,"featured_media":0,"parent":0,"menu_order":0,"comment_status":"closed","ping_status":"closed","template":"","meta":{"_acf_changed":false,"footnotes":""},"class_list":["post-2179","page","type-page","status-publish","hentry"],"acf":[],"yoast_head":"<!-- This site is optimized with the Yoast SEO plugin v27.3 - https:\/\/yoast.com\/product\/yoast-seo-wordpress\/ -->\n<title>Terms and conditions - Online ticketing service provider<\/title>\n<meta name=\"robots\" content=\"index, follow, max-snippet:-1, max-image-preview:large, max-video-preview:-1\" \/>\n<link rel=\"canonical\" href=\"https:\/\/tilckets-parkguell.com\/it\/terms-and-conditions\/\" \/>\n<meta property=\"og:locale\" content=\"it_IT\" \/>\n<meta property=\"og:type\" content=\"article\" \/>\n<meta property=\"og:title\" content=\"Terms and conditions - Online ticketing service provider\" \/>\n<meta property=\"og:description\" content=\"\u2022 1. INFORMAZIONI LEGALI Il sito https:\/\/tilckets-parkguell.com \u00e8 un sito di promozione di tilckets affiliato a Tiqets. Tiqets \u00e8 uno dei fornitori di servizi di biglietteria online per la Park G\u00fcell. Attraverso questo sito web, tilckets consente di effettuare la prenotazione online con un&#8217;ampia gamma di opzioni di visita tramite la piattaforma sicura di Tiqets.... Mostra articolo\" \/>\n<meta property=\"og:url\" content=\"https:\/\/tilckets-parkguell.com\/it\/terms-and-conditions\/\" \/>\n<meta property=\"og:site_name\" content=\"Online ticketing service provider\" \/>\n<meta property=\"article:modified_time\" content=\"2026-03-14T13:09:50+00:00\" \/>\n<meta property=\"og:image\" content=\"http:\/\/tilckets-parkguell.com\/wp-content\/uploads\/2025\/06\/gabarit-photo-mentions.png\" \/>\n<meta name=\"twitter:card\" content=\"summary_large_image\" \/>\n<meta name=\"twitter:label1\" content=\"Tempo di lettura stimato\" \/>\n\t<meta name=\"twitter:data1\" content=\"6 minuti\" \/>\n<script type=\"application\/ld+json\" class=\"yoast-schema-graph\">{\"@context\":\"https:\\\/\\\/schema.org\",\"@graph\":[{\"@type\":\"WebPage\",\"@id\":\"https:\\\/\\\/tilckets-parkguell.com\\\/it\\\/terms-and-conditions\\\/\",\"url\":\"https:\\\/\\\/tilckets-parkguell.com\\\/it\\\/terms-and-conditions\\\/\",\"name\":\"Terms and conditions - Online ticketing service provider\",\"isPartOf\":{\"@id\":\"https:\\\/\\\/tilckets-parkguell.com\\\/#website\"},\"primaryImageOfPage\":{\"@id\":\"https:\\\/\\\/tilckets-parkguell.com\\\/it\\\/terms-and-conditions\\\/#primaryimage\"},\"image\":{\"@id\":\"https:\\\/\\\/tilckets-parkguell.com\\\/it\\\/terms-and-conditions\\\/#primaryimage\"},\"thumbnailUrl\":\"http:\\\/\\\/tilckets-parkguell.com\\\/wp-content\\\/uploads\\\/2025\\\/06\\\/gabarit-photo-mentions.png\",\"datePublished\":\"2025-06-05T16:14:57+00:00\",\"dateModified\":\"2026-03-14T13:09:50+00:00\",\"breadcrumb\":{\"@id\":\"https:\\\/\\\/tilckets-parkguell.com\\\/it\\\/terms-and-conditions\\\/#breadcrumb\"},\"inLanguage\":\"it-IT\",\"potentialAction\":[{\"@type\":\"ReadAction\",\"target\":[\"https:\\\/\\\/tilckets-parkguell.com\\\/it\\\/terms-and-conditions\\\/\"]}]},{\"@type\":\"ImageObject\",\"inLanguage\":\"it-IT\",\"@id\":\"https:\\\/\\\/tilckets-parkguell.com\\\/it\\\/terms-and-conditions\\\/#primaryimage\",\"url\":\"http:\\\/\\\/tilckets-parkguell.com\\\/wp-content\\\/uploads\\\/2025\\\/06\\\/gabarit-photo-mentions.png\",\"contentUrl\":\"http:\\\/\\\/tilckets-parkguell.com\\\/wp-content\\\/uploads\\\/2025\\\/06\\\/gabarit-photo-mentions.png\"},{\"@type\":\"BreadcrumbList\",\"@id\":\"https:\\\/\\\/tilckets-parkguell.com\\\/it\\\/terms-and-conditions\\\/#breadcrumb\",\"itemListElement\":[{\"@type\":\"ListItem\",\"position\":1,\"name\":\"Accueil\",\"item\":\"https:\\\/\\\/tilckets-parkguell.com\\\/it\\\/\"},{\"@type\":\"ListItem\",\"position\":2,\"name\":\"Terms and conditions\"}]},{\"@type\":\"WebSite\",\"@id\":\"https:\\\/\\\/tilckets-parkguell.com\\\/#website\",\"url\":\"https:\\\/\\\/tilckets-parkguell.com\\\/\",\"name\":\"Online ticketing service provider\",\"description\":\"Scopri il Park G\u00fcell, simbolo di Barcellona.\",\"potentialAction\":[{\"@type\":\"SearchAction\",\"target\":{\"@type\":\"EntryPoint\",\"urlTemplate\":\"https:\\\/\\\/tilckets-parkguell.com\\\/?s={search_term_string}\"},\"query-input\":{\"@type\":\"PropertyValueSpecification\",\"valueRequired\":true,\"valueName\":\"search_term_string\"}}],\"inLanguage\":\"it-IT\"}]}<\/script>\n<!-- \/ Yoast SEO plugin. -->","yoast_head_json":{"title":"Terms and conditions - Online ticketing service provider","robots":{"index":"index","follow":"follow","max-snippet":"max-snippet:-1","max-image-preview":"max-image-preview:large","max-video-preview":"max-video-preview:-1"},"canonical":"https:\/\/tilckets-parkguell.com\/it\/terms-and-conditions\/","og_locale":"it_IT","og_type":"article","og_title":"Terms and conditions - Online ticketing service provider","og_description":"\u2022 1. INFORMAZIONI LEGALI Il sito https:\/\/tilckets-parkguell.com \u00e8 un sito di promozione di tilckets affiliato a Tiqets. Tiqets \u00e8 uno dei fornitori di servizi di biglietteria online per la Park G\u00fcell. Attraverso questo sito web, tilckets consente di effettuare la prenotazione online con un&#8217;ampia gamma di opzioni di visita tramite la piattaforma sicura di Tiqets.... Mostra articolo","og_url":"https:\/\/tilckets-parkguell.com\/it\/terms-and-conditions\/","og_site_name":"Online ticketing service provider","article_modified_time":"2026-03-14T13:09:50+00:00","og_image":[{"url":"http:\/\/tilckets-parkguell.com\/wp-content\/uploads\/2025\/06\/gabarit-photo-mentions.png","type":"","width":"","height":""}],"twitter_card":"summary_large_image","twitter_misc":{"Tempo di lettura stimato":"6 minuti"},"schema":{"@context":"https:\/\/schema.org","@graph":[{"@type":"WebPage","@id":"https:\/\/tilckets-parkguell.com\/it\/terms-and-conditions\/","url":"https:\/\/tilckets-parkguell.com\/it\/terms-and-conditions\/","name":"Terms and conditions - Online ticketing service provider","isPartOf":{"@id":"https:\/\/tilckets-parkguell.com\/#website"},"primaryImageOfPage":{"@id":"https:\/\/tilckets-parkguell.com\/it\/terms-and-conditions\/#primaryimage"},"image":{"@id":"https:\/\/tilckets-parkguell.com\/it\/terms-and-conditions\/#primaryimage"},"thumbnailUrl":"http:\/\/tilckets-parkguell.com\/wp-content\/uploads\/2025\/06\/gabarit-photo-mentions.png","datePublished":"2025-06-05T16:14:57+00:00","dateModified":"2026-03-14T13:09:50+00:00","breadcrumb":{"@id":"https:\/\/tilckets-parkguell.com\/it\/terms-and-conditions\/#breadcrumb"},"inLanguage":"it-IT","potentialAction":[{"@type":"ReadAction","target":["https:\/\/tilckets-parkguell.com\/it\/terms-and-conditions\/"]}]},{"@type":"ImageObject","inLanguage":"it-IT","@id":"https:\/\/tilckets-parkguell.com\/it\/terms-and-conditions\/#primaryimage","url":"http:\/\/tilckets-parkguell.com\/wp-content\/uploads\/2025\/06\/gabarit-photo-mentions.png","contentUrl":"http:\/\/tilckets-parkguell.com\/wp-content\/uploads\/2025\/06\/gabarit-photo-mentions.png"},{"@type":"BreadcrumbList","@id":"https:\/\/tilckets-parkguell.com\/it\/terms-and-conditions\/#breadcrumb","itemListElement":[{"@type":"ListItem","position":1,"name":"Accueil","item":"https:\/\/tilckets-parkguell.com\/it\/"},{"@type":"ListItem","position":2,"name":"Terms and conditions"}]},{"@type":"WebSite","@id":"https:\/\/tilckets-parkguell.com\/#website","url":"https:\/\/tilckets-parkguell.com\/","name":"Online ticketing service provider","description":"Scopri il Park G\u00fcell, simbolo di Barcellona.","potentialAction":[{"@type":"SearchAction","target":{"@type":"EntryPoint","urlTemplate":"https:\/\/tilckets-parkguell.com\/?s={search_term_string}"},"query-input":{"@type":"PropertyValueSpecification","valueRequired":true,"valueName":"search_term_string"}}],"inLanguage":"it-IT"}]}},"_links":{"self":[{"href":"https:\/\/tilckets-parkguell.com\/it\/wp-json\/wp\/v2\/pages\/2179","targetHints":{"allow":["GET"]}}],"collection":[{"href":"https:\/\/tilckets-parkguell.com\/it\/wp-json\/wp\/v2\/pages"}],"about":[{"href":"https:\/\/tilckets-parkguell.com\/it\/wp-json\/wp\/v2\/types\/page"}],"author":[{"embeddable":true,"href":"https:\/\/tilckets-parkguell.com\/it\/wp-json\/wp\/v2\/users\/3"}],"replies":[{"embeddable":true,"href":"https:\/\/tilckets-parkguell.com\/it\/wp-json\/wp\/v2\/comments?post=2179"}],"version-history":[{"count":3,"href":"https:\/\/tilckets-parkguell.com\/it\/wp-json\/wp\/v2\/pages\/2179\/revisions"}],"predecessor-version":[{"id":2747,"href":"https:\/\/tilckets-parkguell.com\/it\/wp-json\/wp\/v2\/pages\/2179\/revisions\/2747"}],"wp:attachment":[{"href":"https:\/\/tilckets-parkguell.com\/it\/wp-json\/wp\/v2\/media?parent=2179"}],"curies":[{"name":"wp","href":"https:\/\/api.w.org\/{rel}","templated":true}]}}