{"id":2456,"date":"2025-06-06T13:58:51","date_gmt":"2025-06-06T11:58:51","guid":{"rendered":"http:\/\/tilckets-parkguell.com\/?page_id=2456"},"modified":"2026-03-14T14:10:21","modified_gmt":"2026-03-14T13:10:21","slug":"terms-and-conditions","status":"publish","type":"page","link":"https:\/\/tilckets-parkguell.com\/pt-pt\/terms-and-conditions\/","title":{"rendered":"Terms and conditions"},"content":{"rendered":"<p style=\"text-align: center;\"><span style=\"color: #5c5c5c;\"><img loading=\"lazy\" decoding=\"async\" width=\"850\" height=\"474\" class=\"aligncenter size-full wp-image-2111\" src=\"http:\/\/tilckets-parkguell.com\/wp-content\/uploads\/2025\/06\/gabarit-photo-mentions.png\" alt=\"photo\" srcset=\"https:\/\/tilckets-parkguell.com\/wp-content\/uploads\/2025\/06\/gabarit-photo-mentions.png 850w, https:\/\/tilckets-parkguell.com\/wp-content\/uploads\/2025\/06\/gabarit-photo-mentions-250x139.png 250w, https:\/\/tilckets-parkguell.com\/wp-content\/uploads\/2025\/06\/gabarit-photo-mentions-700x390.png 700w, https:\/\/tilckets-parkguell.com\/wp-content\/uploads\/2025\/06\/gabarit-photo-mentions-768x428.png 768w, https:\/\/tilckets-parkguell.com\/wp-content\/uploads\/2025\/06\/gabarit-photo-mentions-120x67.png 120w\" sizes=\"auto, (max-width: 850px) 100vw, 850px\" \/><\/span><\/p>\n<h2><\/h2>\n<h3 style=\"text-align: center;\"><span style=\"color: #5c5c5c;\"><strong>\u2022<br \/>\n<\/strong>1. INFORMA\u00c7\u00d5ES JUR\u00cdDICAS<\/span><\/h3>\n<p style=\"text-align: center;\"><span style=\"color: #5c5c5c;\">O site https:\/\/tilckets-parkguell.com \u00e9 um site de promo\u00e7\u00e3o de bilhetes afiliado \u00e0 Tiqets.<\/span><br \/>\n<span style=\"color: #5c5c5c;\">A Tiqets \u00e9 um dos fornecedores de servi\u00e7os de venda de bilhetes em linha do Parque G\u00fcell.<\/span><br \/>\n<span style=\"color: #5c5c5c;\">Atrav\u00e9s deste s\u00edtio, a tilckets permite-lhe efetuar a sua reserva em linha com v\u00e1rias op\u00e7\u00f5es de visita atrav\u00e9s da plataforma segura da Tiqets. Note-se que o s\u00edtio tilckets n\u00e3o \u00e9 o s\u00edtio oficial, mas uma marca afiliada \u00e0 Tiqets.<\/span><\/p>\n<p style=\"text-align: center;\"><span style=\"color: #5c5c5c;\">Este s\u00edtio n\u00e3o est\u00e1 ligado ao s\u00edtio oficial do Parque G\u00fcell.<\/span><\/p>\n<p style=\"text-align: center;\"><span style=\"color: #5c5c5c;\">O Sr. Perillat \u00e9 o gerente da empresa SOCREATIV&#8217;, SOCREATIV&#8217; que \u00e9 o propriet\u00e1rio registado da marca tilckets sob o n\u00famero 5017171.<\/span><br \/>\n<span style=\"color: #5c5c5c;\">SARL inscrita no Registo Comercial e das Sociedades de Bord\u00e9us sob o n\u00famero 788838316, com sede social em Bord&#8221;eau Village H15 NOW | Quai des Chartrons | 33300 Bordeaux.<\/span><\/p>\n<p style=\"text-align: center;\"><span style=\"color: #5c5c5c;\">Em caso de d\u00favidas ou coment\u00e1rios, queira contactar-nos por correio eletr\u00f3nico para <a style=\"color: #5c5c5c;\" href=\"mailto:contact-us@tilckets.com\">contact-us@tilckets.com<\/a><\/span><\/p>\n<h3 style=\"text-align: center;\"><span style=\"color: #5c5c5c;\"><strong>2. DADOS PESSOAIS<\/strong><\/span><\/h3>\n<p style=\"text-align: center;\"><span style=\"color: #5c5c5c;\">Como as vendas s\u00e3o geridas pela Tiqets, n\u00e3o s\u00e3o recolhidos dados pessoais neste site.<\/span><\/p>\n<p style=\"text-align: center;\"><span style=\"color: #5c5c5c;\">HOST: OVH<\/span><br \/>\n<span style=\"color: #5c5c5c;\">2 rue Kellermann &#8211; 59100 Roubaix &#8211; Fran\u00e7a.<\/span><br \/>\n<span style=\"color: #5c5c5c;\">Telefone: +33 (0)8 99 70 17 61 &#8211; Correio eletr\u00f3nico: support@ovh.com<\/span><\/p>\n<h3 style=\"text-align: center;\"><span style=\"color: #5c5c5c;\"><strong><br \/>\n3. POL\u00cdTICA DE COOKIES<br \/>\n<\/strong><\/span><\/h3>\n<p style=\"text-align: center;\"><span style=\"color: #5c5c5c;\"><strong>1. Defini\u00e7\u00e3o :<\/strong><\/span><br \/>\n<span style=\"color: #5c5c5c;\">Cookies&#8221; s\u00e3o ficheiros de dados que um s\u00edtio Web envia para o computador do utilizador enquanto este est\u00e1 ligado ao s\u00edtio.<\/span><br \/>\n<span style=\"color: #5c5c5c;\">Estes ficheiros de dados cont\u00eam informa\u00e7\u00f5es que permitem ao s\u00edtio recordar informa\u00e7\u00f5es importantes que lhe permitir\u00e3o utilizar o s\u00edtio de forma mais eficaz. O nosso s\u00edtio utiliza cookies para v\u00e1rios fins.<\/span><\/p>\n<p style=\"text-align: center;\"><span style=\"color: #5c5c5c;\"><strong><br \/>\n2. Como o utilizamos :<\/strong><\/span><br \/>\n<span style=\"color: #5c5c5c;\">A tilckets utiliza tecnologia de cookies e endere\u00e7os IP para obter informa\u00e7\u00f5es sobre os visitantes online e tamb\u00e9m para fornecer aos visitantes subscritos a melhor experi\u00eancia online personalizada. Os visitantes dos nossos s\u00edtios utilizam diferentes navegadores Web e diferentes computadores. Para tornar as suas visitas o mais f\u00e1ceis poss\u00edvel, com a tecnologia que utiliza, rastreamos automaticamente o tipo de browser (por exemplo, Internet Explorer) e o sistema operativo (por exemplo, Windows, Mac) utilizados por um visitante, juntamente com o nome de dom\u00ednio do fornecedor de servi\u00e7os Internet do visitante. Tamb\u00e9m registamos o n\u00famero total de visitantes do nosso s\u00edtio de forma agregada para nos permitir atualizar e melhorar os nossos s\u00edtios. Estes dados indicam-nos se mais visitantes preferem determinadas funcionalidades ou \u00e1reas em vez de outras, o que nos ajuda a manter o nosso s\u00edtio atualizado e interessante para a maioria dos nossos visitantes. Tamb\u00e9m utilizamos cookies do Google Analytics, que nos ajudam a identificar os conte\u00fados que mais lhe interessam e a detetar eventuais problemas de funcionamento. Os seus dados de navega\u00e7\u00e3o neste s\u00edtio s\u00e3o enviados \u00e0 Google Inc de forma an\u00f3nima. O utilizador pode, a qualquer momento, optar por aceitar ou n\u00e3o os cookies do s\u00edtio Web tilckets.<\/span><\/p>\n<p style=\"text-align: center;\"><span style=\"color: #5c5c5c;\"><strong><br \/>\n3. Informa\u00e7\u00e3o aos visitantes :<\/strong><\/span><br \/>\n<span style=\"color: #5c5c5c;\">Os visitantes da p\u00e1gina inicial do s\u00edtio tilckets s\u00e3o informados de :<\/span><br \/>\n<span style=\"color: #5c5c5c;\">As finalidades exactas dos cookies utilizados;<\/span><br \/>\n<span style=\"color: #5c5c5c;\">Da possibilidade de se opor a estes cookies e de alterar as defini\u00e7\u00f5es clicando numa liga\u00e7\u00e3o na faixa;<\/span><br \/>\n<span style=\"color: #5c5c5c;\">Que, ao continuar a navegar no s\u00edtio, concorda com a coloca\u00e7\u00e3o de cookies no seu terminal.<\/span><\/p>\n<p style=\"text-align: center;\"><span style=\"color: #5c5c5c;\">Para garantir o consentimento livre, informado e inequ\u00edvoco do Visitante,<\/span><br \/>\n<span style=\"color: #5c5c5c;\">o banner n\u00e3o desaparecer\u00e1 enquanto o Visitante n\u00e3o tiver continuado a navegar.<\/span><\/p>\n<p style=\"text-align: center;\"><span style=\"color: #5c5c5c;\"><strong><br \/>\n4. Per\u00edodo de conserva\u00e7\u00e3o dos cookies :<\/strong><\/span><br \/>\n<span style=\"color: #5c5c5c;\">Em conformidade com as recomenda\u00e7\u00f5es da CNIL, os cookies s\u00e3o conservados durante um per\u00edodo m\u00e1ximo de treze (13) meses ap\u00f3s a sua primeira coloca\u00e7\u00e3o no terminal do cliente, tal como o per\u00edodo de validade do consentimento do Visitante para a utiliza\u00e7\u00e3o destes cookies. A dura\u00e7\u00e3o de vida dos cookies n\u00e3o \u00e9 prolongada em cada visita. O consentimento do Visitante deve, por conseguinte, ser renovado no final deste per\u00edodo.<\/span><\/p>\n<p style=\"text-align: center;\"><span style=\"color: #5c5c5c;\"><strong><br \/>\n5. Web Beacons:<\/strong><\/span><br \/>\n<span style=\"color: #5c5c5c;\">Algumas das nossas p\u00e1ginas Web e informa\u00e7\u00f5es de correio eletr\u00f3nico podem conter imagens electr\u00f3nicas denominadas Web Beacons, por vezes designadas por GIFs de pixel \u00fanico, GIFs transparentes ou etiquetas de pixel \u00fanico. Nos s\u00edtios, s\u00e3o utilizados para contar os visitantes que visualizaram as nossas p\u00e1ginas. Nas mensagens promocionais\/newsletters, permitem-nos contar o n\u00famero de subscritores que as leram. Os Web beacons permitem-nos desenvolver informa\u00e7\u00f5es estat\u00edsticas sobre as actividades e fun\u00e7\u00f5es de maior interesse para os nossos Visitantes, de modo a podermos oferecer-lhes conte\u00fados mais personalizados. N\u00e3o s\u00e3o utilizados para aceder aos seus dados pessoais sem o seu consentimento.<\/span><\/p>\n<p style=\"text-align: center;\"><span style=\"color: #5c5c5c;\"><strong><br \/>\n6. Como posso anular a subscri\u00e7\u00e3o de cookies?<\/strong><\/span><br \/>\n<span style=\"color: #5c5c5c;\">Se n\u00e3o desejar receber cookies, pode configurar o seu computador para o avisar sempre que um cookie \u00e9 enviado ou desativar todos os cookies atrav\u00e9s do seu navegador (por exemplo, Internet Explorer ou Firefox).<\/span><br \/>\n<span style=\"color: #5c5c5c;\">O utilizador pode configurar o seu computador da seguinte forma para recusar a instala\u00e7\u00e3o de cookies:<\/span><\/p>\n<p style=\"text-align: center;\"><span style=\"color: #5c5c5c;\"><strong>Internet Explorer:<\/strong> separador Ferramentas (pictograma em forma de roda no canto superior direito) \/ Op\u00e7\u00f5es da Internet \/ Clicar em Confidencialidade \/ escolher Bloquear todos os cookies \/ Confirmar com Ok.<\/span><\/p>\n<p style=\"text-align: center;\"><span style=\"color: #5c5c5c;\"><strong>Firefox:<\/strong> na parte superior da janela do navegador, clique no bot\u00e3o Firefox, depois v\u00e1 para o separador Op\u00e7\u00f5es \/ Clique no separador Privacidade \/ Defina as regras de reten\u00e7\u00e3o para: utilizar defini\u00e7\u00f5es personalizadas para o hist\u00f3rico \/ Por fim, desmarque a caixa para desativar os cookies.<\/span><\/p>\n<p style=\"text-align: center;\"><span style=\"color: #5c5c5c;\"><strong>No Safari:<\/strong> Clique no \u00edcone do menu (simbolizado por uma engrenagem) no canto superior direito do navegador \/ Seleccione Defini\u00e7\u00f5es \/ Clique em Mostrar defini\u00e7\u00f5es avan\u00e7adas \/ Na sec\u00e7\u00e3o Confidencialidade, clique em Defini\u00e7\u00f5es de conte\u00fado \/ Na sec\u00e7\u00e3o Cookies, pode bloquear os cookies.<\/span><\/p>\n<p style=\"text-align: center;\"><span style=\"color: #5c5c5c;\"><strong>No Chrome:<\/strong> Clique no \u00edcone do menu (simbolizado por tr\u00eas linhas horizontais) no canto superior direito do navegador \/ Seleccione Defini\u00e7\u00f5es \/ Clique em Mostrar defini\u00e7\u00f5es avan\u00e7adas \/ Na sec\u00e7\u00e3o Confidencialidade, clique em Prefer\u00eancias \/ No separador Confidencialidade, pode bloquear os cookies.<\/span><\/p>\n<p style=\"text-align: center;\"><span style=\"color: #5c5c5c;\">Em alternativa, pode visitar www.aboutcookies.org, que inclui informa\u00e7\u00f5es completas sobre como o fazer em muitos browsers. Encontrar\u00e1 tamb\u00e9m informa\u00e7\u00f5es sobre como apagar os cookies do seu computador e outras informa\u00e7\u00f5es gerais sobre cookies. Para obter informa\u00e7\u00f5es sobre este assunto para o browser do seu telem\u00f3vel, deve consultar o manual do seu dispositivo.<\/span><\/p>\n<p style=\"text-align: center;\"><span style=\"color: #5c5c5c;\">Tenha em aten\u00e7\u00e3o que a n\u00e3o permiss\u00e3o de cookies pode ter um impacto na funcionalidade do s\u00edtio Web da tilckets.<\/span><\/p>\n","protected":false},"excerpt":{"rendered":"\u2022 1. INFORMA\u00c7\u00d5ES JUR\u00cdDICAS O site https:\/\/tilckets-parkguell.com \u00e9 um site de promo\u00e7\u00e3o de bilhetes afiliado \u00e0 Tiqets. A Tiqets \u00e9 um dos fornecedores de servi\u00e7os de venda de bilhetes em linha do Parque G\u00fcell. Atrav\u00e9s deste s\u00edtio, a tilckets permite-lhe efetuar a sua reserva em linha com v\u00e1rias op\u00e7\u00f5es de visita atrav\u00e9s da plataforma segura&#8230; <a class=\"view-article\" href=\"https:\/\/tilckets-parkguell.com\/pt-pt\/terms-and-conditions\/\">View Article<\/a>","protected":false},"author":3,"featured_media":0,"parent":0,"menu_order":0,"comment_status":"closed","ping_status":"closed","template":"","meta":{"_acf_changed":false,"footnotes":""},"class_list":["post-2456","page","type-page","status-publish","hentry"],"acf":[],"yoast_head":"<!-- This site is optimized with the Yoast SEO plugin v27.3 - https:\/\/yoast.com\/product\/yoast-seo-wordpress\/ -->\n<title>Terms and conditions - Online ticketing service provider<\/title>\n<meta name=\"robots\" content=\"index, follow, max-snippet:-1, max-image-preview:large, max-video-preview:-1\" \/>\n<link rel=\"canonical\" href=\"https:\/\/tilckets-parkguell.com\/pt-pt\/terms-and-conditions\/\" \/>\n<meta property=\"og:locale\" content=\"pt_PT\" \/>\n<meta property=\"og:type\" content=\"article\" \/>\n<meta property=\"og:title\" content=\"Terms and conditions - Online ticketing service provider\" \/>\n<meta property=\"og:description\" content=\"\u2022 1. INFORMA\u00c7\u00d5ES JUR\u00cdDICAS O site https:\/\/tilckets-parkguell.com \u00e9 um site de promo\u00e7\u00e3o de bilhetes afiliado \u00e0 Tiqets. A Tiqets \u00e9 um dos fornecedores de servi\u00e7os de venda de bilhetes em linha do Parque G\u00fcell. Atrav\u00e9s deste s\u00edtio, a tilckets permite-lhe efetuar a sua reserva em linha com v\u00e1rias op\u00e7\u00f5es de visita atrav\u00e9s da plataforma segura... View Article\" \/>\n<meta property=\"og:url\" content=\"https:\/\/tilckets-parkguell.com\/pt-pt\/terms-and-conditions\/\" \/>\n<meta property=\"og:site_name\" content=\"Online ticketing service provider\" \/>\n<meta property=\"article:modified_time\" content=\"2026-03-14T13:10:21+00:00\" \/>\n<meta property=\"og:image\" content=\"http:\/\/tilckets-parkguell.com\/wp-content\/uploads\/2025\/06\/gabarit-photo-mentions.png\" \/>\n<meta name=\"twitter:card\" content=\"summary_large_image\" \/>\n<meta name=\"twitter:label1\" content=\"Tempo estimado de leitura\" \/>\n\t<meta name=\"twitter:data1\" content=\"6 minutos\" \/>\n<script type=\"application\/ld+json\" class=\"yoast-schema-graph\">{\"@context\":\"https:\\\/\\\/schema.org\",\"@graph\":[{\"@type\":\"WebPage\",\"@id\":\"https:\\\/\\\/tilckets-parkguell.com\\\/pt-pt\\\/terms-and-conditions\\\/\",\"url\":\"https:\\\/\\\/tilckets-parkguell.com\\\/pt-pt\\\/terms-and-conditions\\\/\",\"name\":\"Terms and conditions - Online ticketing service provider\",\"isPartOf\":{\"@id\":\"https:\\\/\\\/tilckets-parkguell.com\\\/#website\"},\"primaryImageOfPage\":{\"@id\":\"https:\\\/\\\/tilckets-parkguell.com\\\/pt-pt\\\/terms-and-conditions\\\/#primaryimage\"},\"image\":{\"@id\":\"https:\\\/\\\/tilckets-parkguell.com\\\/pt-pt\\\/terms-and-conditions\\\/#primaryimage\"},\"thumbnailUrl\":\"http:\\\/\\\/tilckets-parkguell.com\\\/wp-content\\\/uploads\\\/2025\\\/06\\\/gabarit-photo-mentions.png\",\"datePublished\":\"2025-06-06T11:58:51+00:00\",\"dateModified\":\"2026-03-14T13:10:21+00:00\",\"breadcrumb\":{\"@id\":\"https:\\\/\\\/tilckets-parkguell.com\\\/pt-pt\\\/terms-and-conditions\\\/#breadcrumb\"},\"inLanguage\":\"pt-PT\",\"potentialAction\":[{\"@type\":\"ReadAction\",\"target\":[\"https:\\\/\\\/tilckets-parkguell.com\\\/pt-pt\\\/terms-and-conditions\\\/\"]}]},{\"@type\":\"ImageObject\",\"inLanguage\":\"pt-PT\",\"@id\":\"https:\\\/\\\/tilckets-parkguell.com\\\/pt-pt\\\/terms-and-conditions\\\/#primaryimage\",\"url\":\"http:\\\/\\\/tilckets-parkguell.com\\\/wp-content\\\/uploads\\\/2025\\\/06\\\/gabarit-photo-mentions.png\",\"contentUrl\":\"http:\\\/\\\/tilckets-parkguell.com\\\/wp-content\\\/uploads\\\/2025\\\/06\\\/gabarit-photo-mentions.png\"},{\"@type\":\"BreadcrumbList\",\"@id\":\"https:\\\/\\\/tilckets-parkguell.com\\\/pt-pt\\\/terms-and-conditions\\\/#breadcrumb\",\"itemListElement\":[{\"@type\":\"ListItem\",\"position\":1,\"name\":\"Accueil\",\"item\":\"https:\\\/\\\/tilckets-parkguell.com\\\/pt-pt\\\/\"},{\"@type\":\"ListItem\",\"position\":2,\"name\":\"Terms and conditions\"}]},{\"@type\":\"WebSite\",\"@id\":\"https:\\\/\\\/tilckets-parkguell.com\\\/#website\",\"url\":\"https:\\\/\\\/tilckets-parkguell.com\\\/\",\"name\":\"Online ticketing service provider\",\"description\":\"Descubra o Parque G\u00fcell, s\u00edmbolo de Barcelona.\",\"potentialAction\":[{\"@type\":\"SearchAction\",\"target\":{\"@type\":\"EntryPoint\",\"urlTemplate\":\"https:\\\/\\\/tilckets-parkguell.com\\\/?s={search_term_string}\"},\"query-input\":{\"@type\":\"PropertyValueSpecification\",\"valueRequired\":true,\"valueName\":\"search_term_string\"}}],\"inLanguage\":\"pt-PT\"}]}<\/script>\n<!-- \/ Yoast SEO plugin. -->","yoast_head_json":{"title":"Terms and conditions - Online ticketing service provider","robots":{"index":"index","follow":"follow","max-snippet":"max-snippet:-1","max-image-preview":"max-image-preview:large","max-video-preview":"max-video-preview:-1"},"canonical":"https:\/\/tilckets-parkguell.com\/pt-pt\/terms-and-conditions\/","og_locale":"pt_PT","og_type":"article","og_title":"Terms and conditions - Online ticketing service provider","og_description":"\u2022 1. INFORMA\u00c7\u00d5ES JUR\u00cdDICAS O site https:\/\/tilckets-parkguell.com \u00e9 um site de promo\u00e7\u00e3o de bilhetes afiliado \u00e0 Tiqets. A Tiqets \u00e9 um dos fornecedores de servi\u00e7os de venda de bilhetes em linha do Parque G\u00fcell. Atrav\u00e9s deste s\u00edtio, a tilckets permite-lhe efetuar a sua reserva em linha com v\u00e1rias op\u00e7\u00f5es de visita atrav\u00e9s da plataforma segura... View Article","og_url":"https:\/\/tilckets-parkguell.com\/pt-pt\/terms-and-conditions\/","og_site_name":"Online ticketing service provider","article_modified_time":"2026-03-14T13:10:21+00:00","og_image":[{"url":"http:\/\/tilckets-parkguell.com\/wp-content\/uploads\/2025\/06\/gabarit-photo-mentions.png","type":"","width":"","height":""}],"twitter_card":"summary_large_image","twitter_misc":{"Tempo estimado de leitura":"6 minutos"},"schema":{"@context":"https:\/\/schema.org","@graph":[{"@type":"WebPage","@id":"https:\/\/tilckets-parkguell.com\/pt-pt\/terms-and-conditions\/","url":"https:\/\/tilckets-parkguell.com\/pt-pt\/terms-and-conditions\/","name":"Terms and conditions - Online ticketing service provider","isPartOf":{"@id":"https:\/\/tilckets-parkguell.com\/#website"},"primaryImageOfPage":{"@id":"https:\/\/tilckets-parkguell.com\/pt-pt\/terms-and-conditions\/#primaryimage"},"image":{"@id":"https:\/\/tilckets-parkguell.com\/pt-pt\/terms-and-conditions\/#primaryimage"},"thumbnailUrl":"http:\/\/tilckets-parkguell.com\/wp-content\/uploads\/2025\/06\/gabarit-photo-mentions.png","datePublished":"2025-06-06T11:58:51+00:00","dateModified":"2026-03-14T13:10:21+00:00","breadcrumb":{"@id":"https:\/\/tilckets-parkguell.com\/pt-pt\/terms-and-conditions\/#breadcrumb"},"inLanguage":"pt-PT","potentialAction":[{"@type":"ReadAction","target":["https:\/\/tilckets-parkguell.com\/pt-pt\/terms-and-conditions\/"]}]},{"@type":"ImageObject","inLanguage":"pt-PT","@id":"https:\/\/tilckets-parkguell.com\/pt-pt\/terms-and-conditions\/#primaryimage","url":"http:\/\/tilckets-parkguell.com\/wp-content\/uploads\/2025\/06\/gabarit-photo-mentions.png","contentUrl":"http:\/\/tilckets-parkguell.com\/wp-content\/uploads\/2025\/06\/gabarit-photo-mentions.png"},{"@type":"BreadcrumbList","@id":"https:\/\/tilckets-parkguell.com\/pt-pt\/terms-and-conditions\/#breadcrumb","itemListElement":[{"@type":"ListItem","position":1,"name":"Accueil","item":"https:\/\/tilckets-parkguell.com\/pt-pt\/"},{"@type":"ListItem","position":2,"name":"Terms and conditions"}]},{"@type":"WebSite","@id":"https:\/\/tilckets-parkguell.com\/#website","url":"https:\/\/tilckets-parkguell.com\/","name":"Online ticketing service provider","description":"Descubra o Parque G\u00fcell, s\u00edmbolo de Barcelona.","potentialAction":[{"@type":"SearchAction","target":{"@type":"EntryPoint","urlTemplate":"https:\/\/tilckets-parkguell.com\/?s={search_term_string}"},"query-input":{"@type":"PropertyValueSpecification","valueRequired":true,"valueName":"search_term_string"}}],"inLanguage":"pt-PT"}]}},"_links":{"self":[{"href":"https:\/\/tilckets-parkguell.com\/pt-pt\/wp-json\/wp\/v2\/pages\/2456","targetHints":{"allow":["GET"]}}],"collection":[{"href":"https:\/\/tilckets-parkguell.com\/pt-pt\/wp-json\/wp\/v2\/pages"}],"about":[{"href":"https:\/\/tilckets-parkguell.com\/pt-pt\/wp-json\/wp\/v2\/types\/page"}],"author":[{"embeddable":true,"href":"https:\/\/tilckets-parkguell.com\/pt-pt\/wp-json\/wp\/v2\/users\/3"}],"replies":[{"embeddable":true,"href":"https:\/\/tilckets-parkguell.com\/pt-pt\/wp-json\/wp\/v2\/comments?post=2456"}],"version-history":[{"count":2,"href":"https:\/\/tilckets-parkguell.com\/pt-pt\/wp-json\/wp\/v2\/pages\/2456\/revisions"}],"predecessor-version":[{"id":2748,"href":"https:\/\/tilckets-parkguell.com\/pt-pt\/wp-json\/wp\/v2\/pages\/2456\/revisions\/2748"}],"wp:attachment":[{"href":"https:\/\/tilckets-parkguell.com\/pt-pt\/wp-json\/wp\/v2\/media?parent=2456"}],"curies":[{"name":"wp","href":"https:\/\/api.w.org\/{rel}","templated":true}]}}